{"id":15480,"date":"2014-10-22T16:25:27","date_gmt":"2014-10-22T15:25:27","guid":{"rendered":"http:\/\/cms.conditoreigerch.de\/?page_id=15480"},"modified":"2025-07-12T14:50:52","modified_gmt":"2025-07-12T13:50:52","slug":"dekortorten","status":"publish","type":"page","link":"http:\/\/conditoreigerch.de\/?page_id=15480","title":{"rendered":"Dekortorten"},"content":{"rendered":"<div class=\"wpb-content-wrapper\"><p>[vc_row css_animation=&#8220;&#8220; row_type=&#8220;row&#8220; use_row_as_full_screen_section=&#8220;no&#8220; type=&#8220;full_width&#8220; angled_section=&#8220;no&#8220; text_align=&#8220;left&#8220; background_image_as_pattern=&#8220;without_pattern&#8220;][vc_column][vc_column_text]<\/p>\n<h4 style=\"text-align: center;\"><span style=\"color: #ff0000;\">Tortenberatung Mi.-So. 10.00 -17.00 Uhr<\/span><\/h4>\n<p style=\"text-align: center;\">Durch die Individualit\u00e4t der Torten, wie zum Beispiel Geschmack, F\u00fcllungen, Gr\u00f6\u00dfen und Dekorationen k\u00f6nnen wir keine Preise angeben.<br \/>\nDies bez\u00fcglich bitten wir Sie uns im Cafe` zu besuchen und sich vom Konditor beraten zu lassen.<\/p>\n<p>[\/vc_column_text][vc_separator type=&#8220;normal&#8220; color=&#8220;#f8f8f8&#8243; up=&#8220;10&#8243; down=&#8220;20&#8243;][vc_column_text]<div id=\"justified_gallery_Iu0IPt\" class=\"sgg-style-1 \"><a class=\"sgg-lightbox-item\" href=\"http:\/\/conditoreigerch.de\/wp-content\/uploads\/2016\/06\/IMG_8324-e1465982842552.jpg\" data-size=\"600x800\" data-caption=\"Einhorn\"><img decoding=\"async\" src=\"http:\/\/conditoreigerch.de\/wp-content\/uploads\/2016\/06\/IMG_8324-e1465982842552.jpg\" data-caption=\"Einhorn\" alt=\"Einhorn\"\/><\/a><a class=\"sgg-lightbox-item\" href=\"http:\/\/conditoreigerch.de\/wp-content\/uploads\/2014\/10\/IMG_8124-e1465980859312.jpg\" data-size=\"525x700\" data-caption=\"Tauftorte\"><img decoding=\"async\" src=\"http:\/\/conditoreigerch.de\/wp-content\/uploads\/2014\/10\/IMG_8124-e1465980859312.jpg\" data-caption=\"Tauftorte\" alt=\"Tauftorte\"\/><\/a><a class=\"sgg-lightbox-item\" href=\"http:\/\/conditoreigerch.de\/wp-content\/uploads\/2014\/10\/IMG_0751.jpg\" data-size=\"800x579\" data-caption=\"Torte 100 Jahr\"><img decoding=\"async\" src=\"http:\/\/conditoreigerch.de\/wp-content\/uploads\/2014\/10\/IMG_0751.jpg\" data-caption=\"Torte 100 Jahr\" alt=\"Torte 100 Jahr\"\/><\/a><a class=\"sgg-lightbox-item\" href=\"http:\/\/conditoreigerch.de\/wp-content\/uploads\/2014\/10\/DSC00695.jpg\" data-size=\"800x600\" data-caption=\"Hippen Sauerkirsch\"><img decoding=\"async\" src=\"http:\/\/conditoreigerch.de\/wp-content\/uploads\/2014\/10\/DSC00695.jpg\" data-caption=\"Hippen Sauerkirsch\" alt=\"Hippen Sauerkirsch\"\/><\/a><a class=\"sgg-lightbox-item\" href=\"http:\/\/conditoreigerch.de\/wp-content\/uploads\/2015\/07\/Geburtstorte.jpg\" data-size=\"600x800\" data-caption=\"Geburts-Torte\"><img decoding=\"async\" src=\"http:\/\/conditoreigerch.de\/wp-content\/uploads\/2015\/07\/Geburtstorte.jpg\" data-caption=\"Geburts-Torte\" alt=\"Geburts-Torte\"\/><\/a><a class=\"sgg-lightbox-item\" href=\"http:\/\/conditoreigerch.de\/wp-content\/uploads\/2016\/09\/IMG_8717-e1474191446522.jpg\" data-size=\"700x525\" data-caption=\"Torte Lieblingsmensch\"><img decoding=\"async\" src=\"http:\/\/conditoreigerch.de\/wp-content\/uploads\/2016\/09\/IMG_8717-e1474191446522.jpg\" data-caption=\"Torte Lieblingsmensch\" alt=\"Torte Lieblingsmensch\"\/><\/a><a class=\"sgg-lightbox-item\" href=\"http:\/\/conditoreigerch.de\/wp-content\/uploads\/2025\/07\/IMG_8018-scaled.jpg\" data-size=\"1920x2560\" data-caption=\"Herztorte\"><img decoding=\"async\" src=\"http:\/\/conditoreigerch.de\/wp-content\/uploads\/2025\/07\/IMG_8018-315x420.jpg\" data-caption=\"Herztorte\" alt=\"Herztorte\"\/><\/a><a class=\"sgg-lightbox-item\" href=\"http:\/\/conditoreigerch.de\/wp-content\/uploads\/2025\/07\/IMG_8022-scaled.jpg\" data-size=\"1920x2560\" data-caption=\"Aufsatztorte 50 Jahre\"><img decoding=\"async\" src=\"http:\/\/conditoreigerch.de\/wp-content\/uploads\/2025\/07\/IMG_8022-315x420.jpg\" data-caption=\"Aufsatztorte 50 Jahre\" alt=\"Aufsatztorte 50 Jahre\"\/><\/a><a class=\"sgg-lightbox-item\" href=\"http:\/\/conditoreigerch.de\/wp-content\/uploads\/2025\/07\/IMG_1390-scaled.jpg\" data-size=\"1920x2560\" data-caption=\"Einschulungstorte\"><img decoding=\"async\" src=\"http:\/\/conditoreigerch.de\/wp-content\/uploads\/2025\/07\/IMG_1390-315x420.jpg\" data-caption=\"Einschulungstorte\" alt=\"Einschulungstorte\"\/><\/a><a class=\"sgg-lightbox-item\" href=\"http:\/\/conditoreigerch.de\/wp-content\/uploads\/2025\/07\/33B8B1C4-2AC8-439D-95E5-6C9B902117B1_1_105_c.jpeg\" data-size=\"768x1024\" data-caption=\"Kindertorte\"><img decoding=\"async\" src=\"http:\/\/conditoreigerch.de\/wp-content\/uploads\/2025\/07\/33B8B1C4-2AC8-439D-95E5-6C9B902117B1_1_105_c-315x420.jpeg\" data-caption=\"Kindertorte\" alt=\"Kindertorte\"\/><\/a><a class=\"sgg-lightbox-item\" href=\"http:\/\/conditoreigerch.de\/wp-content\/uploads\/2025\/07\/IMG_7667-scaled.jpg\" data-size=\"1920x2560\" data-caption=\"Geburtstagstorte\"><img decoding=\"async\" src=\"http:\/\/conditoreigerch.de\/wp-content\/uploads\/2025\/07\/IMG_7667-315x420.jpg\" data-caption=\"Geburtstagstorte\" alt=\"Geburtstagstorte\"\/><\/a><a class=\"sgg-lightbox-item\" href=\"http:\/\/conditoreigerch.de\/wp-content\/uploads\/2025\/07\/IMG_7919-scaled.jpg\" data-size=\"2560x1440\" data-caption=\"Dekotorte\"><img decoding=\"async\" src=\"http:\/\/conditoreigerch.de\/wp-content\/uploads\/2025\/07\/IMG_7919-540x304.jpg\" data-caption=\"Dekotorte\" alt=\"Dekotorte\"\/><\/a><a class=\"sgg-lightbox-item\" href=\"http:\/\/conditoreigerch.de\/wp-content\/uploads\/2025\/07\/IMG_7884-scaled.jpg\" data-size=\"1920x2560\" data-caption=\"Kremtorte\"><img decoding=\"async\" src=\"http:\/\/conditoreigerch.de\/wp-content\/uploads\/2025\/07\/IMG_7884-315x420.jpg\" data-caption=\"Kremtorte\" alt=\"Kremtorte\"\/><\/a><a class=\"sgg-lightbox-item\" href=\"http:\/\/conditoreigerch.de\/wp-content\/uploads\/2025\/07\/IMG_1410-scaled.jpg\" data-size=\"1920x2560\" data-caption=\"Schultorte\"><img decoding=\"async\" src=\"http:\/\/conditoreigerch.de\/wp-content\/uploads\/2025\/07\/IMG_1410-315x420.jpg\" data-caption=\"Schultorte\" alt=\"Schultorte\"\/><\/a><a class=\"sgg-lightbox-item\" href=\"http:\/\/conditoreigerch.de\/wp-content\/uploads\/2025\/07\/IMG_4083-scaled.jpg\" data-size=\"1920x2560\" data-caption=\"Schokodrip Cake\"><img decoding=\"async\" src=\"http:\/\/conditoreigerch.de\/wp-content\/uploads\/2025\/07\/IMG_4083-315x420.jpg\" data-caption=\"Schokodrip Cake\" alt=\"Schokodrip Cake\"\/><\/a><a class=\"sgg-lightbox-item\" href=\"http:\/\/conditoreigerch.de\/wp-content\/uploads\/2025\/07\/IMG_7706-scaled.jpg\" data-size=\"1920x2560\" data-caption=\"Beerentorte Drip Cake\"><img decoding=\"async\" src=\"http:\/\/conditoreigerch.de\/wp-content\/uploads\/2025\/07\/IMG_7706-315x420.jpg\" data-caption=\"Beerentorte Drip Cake\" alt=\"Beerentorte Drip Cake\"\/><\/a><a class=\"sgg-lightbox-item\" href=\"http:\/\/conditoreigerch.de\/wp-content\/uploads\/2025\/07\/36C10311-76AA-4258-8D43-E55E6CCCCB17_1_105_c.jpeg\" data-size=\"768x1024\" data-caption=\"Melonen Torte\"><img decoding=\"async\" src=\"http:\/\/conditoreigerch.de\/wp-content\/uploads\/2025\/07\/36C10311-76AA-4258-8D43-E55E6CCCCB17_1_105_c-315x420.jpeg\" data-caption=\"Melonen Torte\" alt=\"Melonen Torte\"\/><\/a><\/div>\r\n<div id=\"load_more_holder_Iu0IPt\" style=\"display:none\"><\/div>\r\n\t\t\t<script type=\"text\/javascript\">\r\n\t\t\t\t(function($){\r\n\t\t\t\t\t$(\"#justified_gallery_Iu0IPt\").justifiedGallery({\r\n\t\t\t\t\t\tsizeRangeSuffixes : {'lt100': '', 'lt240': '', 'lt320': '', 'lt500': '', 'lt640': '', 'lt1024': ''},rowHeight: 250,\r\nmobileRowHeight: 200,\r\nmargins: 5,\r\nlastRow: \"justify\",\r\nfixedHeight: true,\r\ncaptions: true,\r\ncaptionsColor: \"#000000\",\r\ncaptionsOpacity: 0.7,\r\nrandomize: true,\r\nmaxRowHeight: 0,\r\nrel: \"Iu0IPt\",\r\ntarget: null,\r\nrefreshTime: 250,\r\ncssAnimation: true,\r\ncaptionsAnimationDuration: 500,\r\nimagesAnimationDuration: 300,\r\ncaptionsVisibleOpacity: 0.7,\r\nclass: \"\",\r\n\t\t\t\t\t})\r\n\t\t\t\t\t.on('jg.complete', function(){\r\n\t\t\t\t\t\t$('#justified_gallery_Iu0IPt a.sgg-lightbox-item').magnificPopup({type: 'image',\r\n\t\t\t\t\t\tmainClass: 'mfp-with-zoom',\r\n\t\t\t\t\t\tcloseOnContentClick: true,\r\n\t\t\t\t\t\tcloseBtnInside: false,\r\n\t\t\t\t\t\tpreloader: 'true',\r\n\t\t\t\t\t\ttLoading: '',\r\n\t\t\t\t\t\ttClose: '',image: {\r\n\t\t\t\t\t\t\tverticalFit: true,titleSrc: function(item) {\r\n\t\t\t\t\t\t\t\treturn item.el.attr('data-caption');\r\n\t\t\t\t\t\t\t}},zoom: {\r\n\t\t\t\t\t\t\tenabled: true,\r\n\t\t\t\t\t\t\tduration: 300\r\n\t\t\t\t\t\t},\r\n\t\t\t\t\t\tgallery: {\r\n\t\t\t\t\t\t\tenabled: true,\r\n\t\t\t\t\t\t\ttPrev: '',\r\n    \t\t\t\t\t\ttNext: '',\r\n\t\t\t\t\t\t\ttCounter: '(%curr%\/%total%)'\r\n\t\t\t\t\t\t},iframe: {\r\n\t\t\t\t\t\t  markup: \r\n\t\t\t\t\t\t    '<div class=\"mfp-iframe-scaler\">'+\r\n\t\t\t\t\t\t\t  '<div class=\"mfp-close\"><\/div>'+\r\n\t\t\t\t\t\t\t    '<iframe class=\"mfp-iframe\" frameborder=\"0\" allowfullscreen><\/iframe>'+\r\n\t\t\t\t\t\t\t  '<div class=\"mfp-title\"><\/div>'+\r\n\t\t\t\t\t\t\t'<\/div>',\r\n\t\t\t\t\t\t  patterns: {\r\n\t\t\t\t\t\t    youtube: {\r\n\t\t\t\t\t\t      index: 'youtube.com\/', \/\/ String that detects type of video (in this case YouTube). Simply via url.indexOf(index).\r\n\t\t\t\t\t\t      id: 'v=', \/\/ String that splits URL in a two parts, second part should be %id%\r\n\t\t\t\t\t\t      \/\/ Or null - full URL will be returned\r\n\t\t\t\t\t\t      \/\/ Or a function that should return %id%, for example:\r\n\t\t\t\t\t\t      \/\/ id: function(url) { return 'parsed id'; }\r\n\t\t\t\t\t\t      src: '\/\/www.youtube.com\/embed\/%id%?showinfo=0&rel=0' \/\/ URL that will be set as a source for iframe. \r\n\t\t\t\t\t\t    },\r\n\t\t\t\t\t\t    youtu_be: {\r\n\t\t\t\t\t\t      index: 'youtu.be\/',\r\n\t\t\t\t\t\t      id: '\/',\r\n\t\t\t\t\t\t      src: '\/\/www.youtube.com\/embed\/%id%?showinfo=0&rel=0'\r\n\t\t\t\t\t\t    },\r\n\t\t\t\t\t\t    vimeo: {\r\n\t\t\t\t\t\t      index: 'vimeo.com\/',\r\n\t\t\t\t\t\t      id: '\/',\r\n\t\t\t\t\t\t      src: '\/\/player.vimeo.com\/video\/%id%?byline=0&amp;portrait=0'\r\n\t\t\t\t\t\t    }\r\n\t\t\t\t\t\t  }\r\n\t\t\t\t\t\t},\r\n\t\t\t\t\t\tcallbacks: {\r\n\t\t\t\t\t\t  markupParse: function(template, values, item) {\r\n\t\t\t\t\t\t   values.title = item.el.attr('data-caption');\r\n\t\t\t\t\t\t  }\r\n\t\t\t\t\t\t}});\t\t\t\t\t});\r\n\t\t\t\t\t\t\t\t\t\t\t\t\t\t\t\t\t\t\tvar galleries = [];\r\n\t\t\t\tvar gallery = $(\"#justified_gallery_Iu0IPt\");\r\n\t\t\t\t\t\t\t\t$(\"#load_more_Iu0IPt\").on('click', function() {\r\n\t\t\t\t\tif ( galleries.length >= 1  ) {\r\n\t\t\t\t\t\tvar images = galleries.splice(0,1); \r\n\t\t\t\t\t\tvar image_html = $(\"#load_more_holder_Iu0IPt\").html(images).text();\r\n\t\t\t\t\t\t$(gallery).append(image_html);\r\n\t\t\t\t\t\t$(gallery).justifiedGallery('norewind');\r\n\t\t\t\t\t\tif ( galleries.length == 0 ) {\r\n\t\t\t\t\t\t\t$(\"#load_more_Iu0IPt\").css('display', 'none');\r\n\t\t\t\t\t\t}\r\n\t\t\t\t\t}\r\n\t\t\t\t});\t\t\t\t})(jQuery);\r\n\t\t\t<\/script>\r\n\t\t\t\t\t\t<style>\r\n\t            #justified_gallery_Iu0IPt .sgg-caption {\r\n\t\t\t\t\tbackground: rgb(0,0,0);\r\n\t\t\t\t\tbackground: rgba(0,0,0,0.7);\r\n\t\t\t\t\tcolor: #ffffff;\r\n\t\t\t\t\tfont-size: 1em;\r\n\t\t\t\t\tfont-weight: 400;\r\n\t\t\t\t\tfont-family: Helvetica, Arial, sans-serif;\r\n\t\t\t\t}\r\n\t\t\t\t#load_more_Iu0IPt {\r\n\t\t\t\t    background: #444444;\r\n\t\t\t\t    color: #ffffff;\r\n\t\t\t\t}\r\n\t\t\t<\/style>\r\n        \t[\/vc_column_text][\/vc_column][\/vc_row]<\/p>\n<\/div>","protected":false},"excerpt":{"rendered":"<p>[vc_row css_animation=&#8220;&#8220; row_type=&#8220;row&#8220; use_row_as_full_screen_section=&#8220;no&#8220; type=&#8220;full_width&#8220; angled_section=&#8220;no&#8220; text_align=&#8220;left&#8220; background_image_as_pattern=&#8220;without_pattern&#8220;][vc_column][vc_column_text] Tortenberatung Mi.-So. 10.00 -17.00 Uhr Durch die Individualit\u00e4t der Torten, wie zum Beispiel Geschmack, F\u00fcllungen, Gr\u00f6\u00dfen und Dekorationen k\u00f6nnen wir keine Preise angeben. Dies bez\u00fcglich bitten wir Sie uns im Cafe` zu besuchen und sich vom Konditor&#8230;<\/p>\n","protected":false},"author":2,"featured_media":0,"parent":0,"menu_order":0,"comment_status":"open","ping_status":"open","template":"","meta":{"footnotes":""},"class_list":["post-15480","page","type-page","status-publish","hentry"],"_links":{"self":[{"href":"http:\/\/conditoreigerch.de\/index.php?rest_route=\/wp\/v2\/pages\/15480","targetHints":{"allow":["GET"]}}],"collection":[{"href":"http:\/\/conditoreigerch.de\/index.php?rest_route=\/wp\/v2\/pages"}],"about":[{"href":"http:\/\/conditoreigerch.de\/index.php?rest_route=\/wp\/v2\/types\/page"}],"author":[{"embeddable":true,"href":"http:\/\/conditoreigerch.de\/index.php?rest_route=\/wp\/v2\/users\/2"}],"replies":[{"embeddable":true,"href":"http:\/\/conditoreigerch.de\/index.php?rest_route=%2Fwp%2Fv2%2Fcomments&post=15480"}],"version-history":[{"count":10,"href":"http:\/\/conditoreigerch.de\/index.php?rest_route=\/wp\/v2\/pages\/15480\/revisions"}],"predecessor-version":[{"id":17184,"href":"http:\/\/conditoreigerch.de\/index.php?rest_route=\/wp\/v2\/pages\/15480\/revisions\/17184"}],"wp:attachment":[{"href":"http:\/\/conditoreigerch.de\/index.php?rest_route=%2Fwp%2Fv2%2Fmedia&parent=15480"}],"curies":[{"name":"wp","href":"https:\/\/api.w.org\/{rel}","templated":true}]}}